{"id":25,"date":"2016-11-14T11:37:52","date_gmt":"2016-11-14T11:37:52","guid":{"rendered":"https:\/\/www.naftes.eu\/?page_id=25"},"modified":"2017-09-13T14:14:11","modified_gmt":"2017-09-13T12:14:11","slug":"home","status":"publish","type":"page","link":"https:\/\/www.naftes.eu\/it\/","title":{"rendered":"Home"},"content":{"rendered":"&nbsp;<\/p>\n<p>NAFTES (NAVAL FIRE FIGHTING TRAINING and EDUCATION SYSTEM) \u00e8 un framework globale per il training di membri dell\u2019equipaggio e di ufficiali in condizioni simulate di incendio all\u2019interno di compartimenti navali. NAFTES comprende tre differenti fasi, strutturate attorno al Simulatore Antincendio (<em>Fire Fighting Simulator<\/em> &#8211; FFS) ed al Simulatore di Evacuazione Equipaggio (parte della <em>Damage Control School<\/em> &#8211; DCS) del Comando di Addestramento Navale della Marina greca. L\u2019FFS, uno dei componenti principali della Damage Control School, \u00e8 operativo dal 2006 e adotta un flusso di lavoro convenzionale, a cui sar\u00e0 integrato NAFTES, che lo radicalizzer\u00e0. La Marina greca (che partecipa al progetto attraverso il Ministero della Difesa, HMOD) vuole espandere l\u2019utilizzo e l\u2019ambito di questa piattaforma di training alle compagnie commerciali di tutto il mondo. Per questo, NAFTES \u00e8 da considerarsi di importanza capitale per l\u2019industria navale greca, uno dei principali settori dell\u2019economia nazionale, che sta attualmente attraversando una fase di crisi.<\/p>\n<hr \/>\n<div class=\"events-news-wrapper\">\n<h2><a href=\"\/category\/events\/\">Events<\/a><\/h2>\n\n\n<div class=\"su-posts su-posts-default-loop\">\n\n\t\n\t\t\n\t\t\t<div id=\"su-post-521\" class=\"su-post\">\n\n\t\t\t\t\t\t\t\t\t<a class=\"su-post-thumbnail\" href=\"https:\/\/www.naftes.eu\/it\/3%ce%b7-%ce%b5%ce%ba%ce%b4%ce%ae%ce%bb%cf%89%cf%83%ce%b7-%ce%b4%ce%b9%ce%ac%cf%87%cf%85%cf%83%ce%b7%cf%82-%ce%ba%ce%b1%ce%b9-%ce%b5%ce%bd%ce%ae%ce%bc%ce%b5%cf%81%cf%89%cf%83%ce%b7%cf%82-%cf%84%cf%89\/\"><img width=\"1170\" height=\"658\" src=\"https:\/\/www.naftes.eu\/wp-content\/uploads\/2019\/01\/20181128_111122-1170x658.jpg\" class=\"attachment-post-thumbnail size-post-thumbnail wp-post-image\" alt=\"\" loading=\"lazy\" srcset=\"https:\/\/www.naftes.eu\/wp-content\/uploads\/2019\/01\/20181128_111122-1170x658.jpg 1170w, https:\/\/www.naftes.eu\/wp-content\/uploads\/2019\/01\/20181128_111122-300x169.jpg 300w, https:\/\/www.naftes.eu\/wp-content\/uploads\/2019\/01\/20181128_111122-768x432.jpg 768w, https:\/\/www.naftes.eu\/wp-content\/uploads\/2019\/01\/20181128_111122-1820x1024.jpg 1820w, https:\/\/www.naftes.eu\/wp-content\/uploads\/2019\/01\/20181128_111122-e1548338960273.jpg 800w\" sizes=\"(max-width: 1170px) 100vw, 1170px\" \/><\/a>\n\t\t\t\t\n\t\t\t\t<h2 class=\"su-post-title\"><a href=\"https:\/\/www.naftes.eu\/it\/3%ce%b7-%ce%b5%ce%ba%ce%b4%ce%ae%ce%bb%cf%89%cf%83%ce%b7-%ce%b4%ce%b9%ce%ac%cf%87%cf%85%cf%83%ce%b7%cf%82-%ce%ba%ce%b1%ce%b9-%ce%b5%ce%bd%ce%ae%ce%bc%ce%b5%cf%81%cf%89%cf%83%ce%b7%cf%82-%cf%84%cf%89\/\">3\u00b0 Evento Moltiplicatore ad Atene<\/a><\/h2>\n\n\t\t\t\t<div class=\"su-post-meta\">\n\t\t\t\t\tPosted: 23\/01\/2019\t\t\t\t<\/div>\n\n\t\t\t\t<div class=\"su-post-excerpt\">\n\t\t\t\t\t<p>Il 28 Novembre si \u00e8 svolto ad Atene il terzo ed ultimo evento Multiplier di NAFTES. L&#8217;evento mirava a informare le persone sul progetto, oltre a mostrare le capacit\u00e0 della piattaforma di formazione e le sue applicazioni. Il personale dell&#8217;organizzazione e i rappresentanti di autorit\u00e0 esterne e delle aziende hanno familiarizzato con le funzionalit\u00e0 della&hellip; <a href=\"https:\/\/www.naftes.eu\/it\/3%ce%b7-%ce%b5%ce%ba%ce%b4%ce%ae%ce%bb%cf%89%cf%83%ce%b7-%ce%b4%ce%b9%ce%ac%cf%87%cf%85%cf%83%ce%b7%cf%82-%ce%ba%ce%b1%ce%b9-%ce%b5%ce%bd%ce%ae%ce%bc%ce%b5%cf%81%cf%89%cf%83%ce%b7%cf%82-%cf%84%cf%89\/\">Continue reading&#8230;<\/a><\/p>\n\t\t\t\t<\/div>\n\n\t\t\t\t\n\t\t\t<\/div>\n\n\t\t\n\t\t\t<div id=\"su-post-491\" class=\"su-post\">\n\n\t\t\t\t\t\t\t\t\t<a class=\"su-post-thumbnail\" href=\"https:\/\/www.naftes.eu\/it\/naftes-2nd-multiplier-event\/\"><img width=\"1024\" height=\"576\" src=\"https:\/\/www.naftes.eu\/wp-content\/uploads\/2018\/11\/20180511_134131.jpg\" class=\"attachment-post-thumbnail size-post-thumbnail wp-post-image\" alt=\"\" loading=\"lazy\" srcset=\"https:\/\/www.naftes.eu\/wp-content\/uploads\/2018\/11\/20180511_134131.jpg 1024w, https:\/\/www.naftes.eu\/wp-content\/uploads\/2018\/11\/20180511_134131-300x169.jpg 300w, https:\/\/www.naftes.eu\/wp-content\/uploads\/2018\/11\/20180511_134131-768x432.jpg 768w\" sizes=\"(max-width: 1024px) 100vw, 1024px\" \/><\/a>\n\t\t\t\t\n\t\t\t\t<h2 class=\"su-post-title\"><a href=\"https:\/\/www.naftes.eu\/it\/naftes-2nd-multiplier-event\/\">Secondo evento Moltiplicatore a Catania<\/a><\/h2>\n\n\t\t\t\t<div class=\"su-post-meta\">\n\t\t\t\t\tPosted: 22\/11\/2018\t\t\t\t<\/div>\n\n\t\t\t\t<div class=\"su-post-excerpt\">\n\t\t\t\t\t<p>Il 2\u00b0 evento Moltiplicatore di NAFTES si \u00e8 svolto a Catania, maggio 2018<\/p>\n\t\t\t\t<\/div>\n\n\t\t\t\t\n\t\t\t<\/div>\n\n\t\t\n\t\t\t<div id=\"su-post-481\" class=\"su-post\">\n\n\t\t\t\t\t\t\t\t\t<a class=\"su-post-thumbnail\" href=\"https:\/\/www.naftes.eu\/it\/4th-transnational-meeting\/\"><img width=\"1024\" height=\"576\" src=\"https:\/\/www.naftes.eu\/wp-content\/uploads\/2018\/11\/20180511_134131.jpg\" class=\"attachment-post-thumbnail size-post-thumbnail wp-post-image\" alt=\"\" loading=\"lazy\" srcset=\"https:\/\/www.naftes.eu\/wp-content\/uploads\/2018\/11\/20180511_134131.jpg 1024w, https:\/\/www.naftes.eu\/wp-content\/uploads\/2018\/11\/20180511_134131-300x169.jpg 300w, https:\/\/www.naftes.eu\/wp-content\/uploads\/2018\/11\/20180511_134131-768x432.jpg 768w\" sizes=\"(max-width: 1024px) 100vw, 1024px\" \/><\/a>\n\t\t\t\t\n\t\t\t\t<h2 class=\"su-post-title\"><a href=\"https:\/\/www.naftes.eu\/it\/4th-transnational-meeting\/\">4\u00b0 incontro transnazionale<\/a><\/h2>\n\n\t\t\t\t<div class=\"su-post-meta\">\n\t\t\t\t\tPosted: 22\/11\/2018\t\t\t\t<\/div>\n\n\t\t\t\t<div class=\"su-post-excerpt\">\n\t\t\t\t\t<p>Il 4\u00b0 Meeting Transnazionale NAFTES si \u00e8 svolto a Catania, maggio 2018.<\/p>\n\t\t\t\t<\/div>\n\n\t\t\t\t\n\t\t\t<\/div>\n\n\t\t\n\t\t\t<div id=\"su-post-473\" class=\"su-post\">\n\n\t\t\t\t\t\t\t\t\t<a class=\"su-post-thumbnail\" href=\"https:\/\/www.naftes.eu\/it\/5-days-training-activity-in-athens\/\"><img width=\"1170\" height=\"658\" src=\"https:\/\/www.naftes.eu\/wp-content\/uploads\/2018\/11\/20181019_135520-1170x658.png\" class=\"attachment-post-thumbnail size-post-thumbnail wp-post-image\" alt=\"\" loading=\"lazy\" srcset=\"https:\/\/www.naftes.eu\/wp-content\/uploads\/2018\/11\/20181019_135520-1170x658.png 1170w, https:\/\/www.naftes.eu\/wp-content\/uploads\/2018\/11\/20181019_135520-300x169.png 300w, https:\/\/www.naftes.eu\/wp-content\/uploads\/2018\/11\/20181019_135520-768x432.png 768w, https:\/\/www.naftes.eu\/wp-content\/uploads\/2018\/11\/20181019_135520.png 1280w\" sizes=\"(max-width: 1170px) 100vw, 1170px\" \/><\/a>\n\t\t\t\t\n\t\t\t\t<h2 class=\"su-post-title\"><a href=\"https:\/\/www.naftes.eu\/it\/5-days-training-activity-in-athens\/\">5 giorni di attivit\u00e0 di formazione ad Atene<\/a><\/h2>\n\n\t\t\t\t<div class=\"su-post-meta\">\n\t\t\t\t\tPosted: 22\/11\/2018\t\t\t\t<\/div>\n\n\t\t\t\t<div class=\"su-post-excerpt\">\n\t\t\t\t\t<p>Un&#8217;attivit\u00e0 formativa di cinque giorni (15 &#8211; 19 ottobre 2018) basata sul NAFTES Advanced Firefighting Training presso Hellenic Naval Education Command T.C. Palaskas Damage Control School.<\/p>\n\t\t\t\t<\/div>\n\n\t\t\t\t\n\t\t\t<\/div>\n\n\t\t\n\t\t\t<div id=\"su-post-407\" class=\"su-post\">\n\n\t\t\t\t\t\t\t\t\t<a class=\"su-post-thumbnail\" href=\"https:\/\/www.naftes.eu\/it\/naftes-ar-applications\/\"><img width=\"450\" height=\"338\" src=\"https:\/\/www.naftes.eu\/wp-content\/uploads\/2017\/11\/bIMG_20171115_144754.jpg\" class=\"attachment-post-thumbnail size-post-thumbnail wp-post-image\" alt=\"\" loading=\"lazy\" srcset=\"https:\/\/www.naftes.eu\/wp-content\/uploads\/2017\/11\/bIMG_20171115_144754.jpg 450w, https:\/\/www.naftes.eu\/wp-content\/uploads\/2017\/11\/bIMG_20171115_144754-300x225.jpg 300w\" sizes=\"(max-width: 450px) 100vw, 450px\" \/><\/a>\n\t\t\t\t\n\t\t\t\t<h2 class=\"su-post-title\"><a href=\"https:\/\/www.naftes.eu\/it\/naftes-ar-applications\/\">Le applicazioni AR in NAFTES<\/a><\/h2>\n\n\t\t\t\t<div class=\"su-post-meta\">\n\t\t\t\t\tPosted: 24\/11\/2017\t\t\t\t<\/div>\n\n\t\t\t\t<div class=\"su-post-excerpt\">\n\t\t\t\t\t<p>Un\u2019importante componente all\u2019interno di NAFTES \u00e8 rappresentata dalle applicazioni di Realt\u00e0 Aumentata, utilizzate per fornire un\u2019esperienza simulata che si avvicini quanto pi\u00f9 possibile alla realt\u00e0. Durante le fasi di training, i membri dell\u2019equipaggio potranno visualizzare oggetti, informazioni, animazioni o video, o eseguire test direttamente sulle lenti delle Hololens, device scelto dagli organizzatori tra quelli disponibili&hellip; <a href=\"https:\/\/www.naftes.eu\/it\/naftes-ar-applications\/\">Continue reading&#8230;<\/a><\/p>\n\t\t\t\t<\/div>\n\n\t\t\t\t\n\t\t\t<\/div>\n\n\t\t\n\t\n<\/div>\n\n<\/div>\n<div class=\"events-news-wrapper\">\n<h2><a href=\"\/category\/news\/\">News<\/a><\/h2>\n\n\n<div class=\"su-posts su-posts-default-loop\">\n\n\t\n\t\t\n\t\t\t<div id=\"su-post-663\" class=\"su-post\">\n\n\t\t\t\t\t\t\t\t\t<a class=\"su-post-thumbnail\" href=\"https:\/\/www.naftes.eu\/it\/naftes-ar-applications-2\/\"><img width=\"564\" height=\"466\" src=\"https:\/\/www.naftes.eu\/wp-content\/uploads\/2019\/01\/NAFTES-AR-Applications.png\" class=\"attachment-post-thumbnail size-post-thumbnail wp-post-image\" alt=\"\" loading=\"lazy\" srcset=\"https:\/\/www.naftes.eu\/wp-content\/uploads\/2019\/01\/NAFTES-AR-Applications.png 564w, https:\/\/www.naftes.eu\/wp-content\/uploads\/2019\/01\/NAFTES-AR-Applications-300x248.png 300w\" sizes=\"(max-width: 564px) 100vw, 564px\" \/><\/a>\n\t\t\t\t\n\t\t\t\t<h2 class=\"su-post-title\"><a href=\"https:\/\/www.naftes.eu\/it\/naftes-ar-applications-2\/\">AR Applicazioni<\/a><\/h2>\n\n\t\t\t\t<div class=\"su-post-meta\">\n\t\t\t\t\tPosted: 29\/01\/2019\t\t\t\t<\/div>\n\n\t\t\t\t<div class=\"su-post-excerpt\">\n\t\t\t\t\t<p>Il progetto NAFTES introduce la tecnologia della realt\u00e0 aumentata nella formazione antincendio. La realt\u00e0 aumentata \u00e8 stata uno degli strumenti pi\u00f9 promettenti per la formazione professionale negli ultimi anni e pu\u00f2 essere utilizzata come strumento per acquisire conoscenze, motivare e incoraggiare i tirocinanti. Il progetto NAFTES ha progettato e sviluppato 3 applicazioni AR per dispositivi&hellip; <a href=\"https:\/\/www.naftes.eu\/it\/naftes-ar-applications-2\/\">Continue reading&#8230;<\/a><\/p>\n\t\t\t\t<\/div>\n\n\t\t\t\t\n\t\t\t<\/div>\n\n\t\t\n\t\t\t<div id=\"su-post-601\" class=\"su-post\">\n\n\t\t\t\t\t\t\t\t\t<a class=\"su-post-thumbnail\" href=\"https:\/\/www.naftes.eu\/it\/mobile-application-is-ready\/\"><img width=\"586\" height=\"486\" src=\"https:\/\/www.naftes.eu\/wp-content\/uploads\/2019\/01\/NAFTES-Mobile-app.png\" class=\"attachment-post-thumbnail size-post-thumbnail wp-post-image\" alt=\"\" loading=\"lazy\" srcset=\"https:\/\/www.naftes.eu\/wp-content\/uploads\/2019\/01\/NAFTES-Mobile-app.png 586w, https:\/\/www.naftes.eu\/wp-content\/uploads\/2019\/01\/NAFTES-Mobile-app-300x249.png 300w\" sizes=\"(max-width: 586px) 100vw, 586px\" \/><\/a>\n\t\t\t\t\n\t\t\t\t<h2 class=\"su-post-title\"><a href=\"https:\/\/www.naftes.eu\/it\/mobile-application-is-ready\/\">Applicazione Mobile<\/a><\/h2>\n\n\t\t\t\t<div class=\"su-post-meta\">\n\t\t\t\t\tPosted: 24\/01\/2019\t\t\t\t<\/div>\n\n\t\t\t\t<div class=\"su-post-excerpt\">\n\t\t\t\t\t<p>NAFTES applicazione mobile \u00e8 un ambiente di apprendimento mobile completamente funzionale che fornisce l&#8217;accesso a tutti gli output del progetto, Addestramento di Base e Addestramento Avanzato Antincedio e Biblioteca Digitale dei Materiali Antincendio. Download NAFTES mobile application from Google Play Store.<\/p>\n\t\t\t\t<\/div>\n\n\t\t\t\t\n\t\t\t<\/div>\n\n\t\t\n\t\t\t<div id=\"su-post-588\" class=\"su-post\">\n\n\t\t\t\t\t\t\t\t\t<a class=\"su-post-thumbnail\" href=\"https:\/\/www.naftes.eu\/it\/digital-library\/\"><img width=\"565\" height=\"408\" src=\"https:\/\/www.naftes.eu\/wp-content\/uploads\/2019\/01\/NAFTES-DLIB.png\" class=\"attachment-post-thumbnail size-post-thumbnail wp-post-image\" alt=\"\" loading=\"lazy\" srcset=\"https:\/\/www.naftes.eu\/wp-content\/uploads\/2019\/01\/NAFTES-DLIB.png 565w, https:\/\/www.naftes.eu\/wp-content\/uploads\/2019\/01\/NAFTES-DLIB-300x217.png 300w\" sizes=\"(max-width: 565px) 100vw, 565px\" \/><\/a>\n\t\t\t\t\n\t\t\t\t<h2 class=\"su-post-title\"><a href=\"https:\/\/www.naftes.eu\/it\/digital-library\/\">Biblioteca Digitale<\/a><\/h2>\n\n\t\t\t\t<div class=\"su-post-meta\">\n\t\t\t\t\tPosted: 24\/01\/2019\t\t\t\t<\/div>\n\n\t\t\t\t<div class=\"su-post-excerpt\">\n\t\t\t\t\t<p>La libreria digitale NAFTES \u00e8 un archivio online che contiene oltre 100 materiali didattici per la formazione antincendio di vari tipi di contenuti (buone pratiche, moduli educativi, linee guida, scenari, video, immagini, presentazioni, ecc.) in inglese, greco e italiano. \u00c8 disponibile al link: Biblioteca Digitale<\/p>\n\t\t\t\t<\/div>\n\n\t\t\t\t\n\t\t\t<\/div>\n\n\t\t\n\t\t\t<div id=\"su-post-575\" class=\"su-post\">\n\n\t\t\t\t\t\t\t\t\t<a class=\"su-post-thumbnail\" href=\"https:\/\/www.naftes.eu\/it\/etraining-platform\/\"><img width=\"564\" height=\"495\" src=\"https:\/\/www.naftes.eu\/wp-content\/uploads\/2019\/01\/NAFTES-etraining-screen.png\" class=\"attachment-post-thumbnail size-post-thumbnail wp-post-image\" alt=\"\" loading=\"lazy\" srcset=\"https:\/\/www.naftes.eu\/wp-content\/uploads\/2019\/01\/NAFTES-etraining-screen.png 564w, https:\/\/www.naftes.eu\/wp-content\/uploads\/2019\/01\/NAFTES-etraining-screen-300x263.png 300w\" sizes=\"(max-width: 564px) 100vw, 564px\" \/><\/a>\n\t\t\t\t\n\t\t\t\t<h2 class=\"su-post-title\"><a href=\"https:\/\/www.naftes.eu\/it\/etraining-platform\/\">Sistemi di e-training<\/a><\/h2>\n\n\t\t\t\t<div class=\"su-post-meta\">\n\t\t\t\t\tPosted: 24\/01\/2019\t\t\t\t<\/div>\n\n\t\t\t\t<div class=\"su-post-excerpt\">\n\t\t\t\t\t<p>La piattaforma NAFTES eTraining \u00e8 un ambiente di apprendimento completamente funzionale e personalizzato che fornisce un approccio olistico, sia teorico che pratico per la formazione antincendio. Contiene la formazione antincendio NAFTES di base e avanzata, la libreria digitale NAFTES, l&#8217;applicazione mobile eTraining NAFTES e l&#8217;applicazione AR NAFTES per dispositivi mobili e occhiali Hololens AR. I&hellip; <a href=\"https:\/\/www.naftes.eu\/it\/etraining-platform\/\">Continue reading&#8230;<\/a><\/p>\n\t\t\t\t<\/div>\n\n\t\t\t\t\n\t\t\t<\/div>\n\n\t\t\n\t\t\t<div id=\"su-post-461\" class=\"su-post\">\n\n\t\t\t\t\t\t\t\t\t<a class=\"su-post-thumbnail\" href=\"https:\/\/www.naftes.eu\/it\/%ce%b5%ce%bb%ce%bb%ce%b7%ce%bd%ce%b9%ce%ba%ce%ac-%ce%b7%ce%bc%ce%b5%cf%81%ce%af%ce%b4%ce%b1-%ce%b4%ce%b9%ce%ac%cf%87%cf%85%cf%83%ce%b7%cf%82-%ce%b1%cf%80%ce%bf%cf%84%ce%b5%ce%bb%ce%b5%cf%83%ce%bc\/\"><img width=\"1024\" height=\"683\" src=\"https:\/\/www.naftes.eu\/wp-content\/uploads\/2018\/11\/DSC_9604.jpg\" class=\"attachment-post-thumbnail size-post-thumbnail wp-post-image\" alt=\"\" loading=\"lazy\" srcset=\"https:\/\/www.naftes.eu\/wp-content\/uploads\/2018\/11\/DSC_9604.jpg 1024w, https:\/\/www.naftes.eu\/wp-content\/uploads\/2018\/11\/DSC_9604-300x200.jpg 300w, https:\/\/www.naftes.eu\/wp-content\/uploads\/2018\/11\/DSC_9604-768x512.jpg 768w\" sizes=\"(max-width: 1024px) 100vw, 1024px\" \/><\/a>\n\t\t\t\t\n\t\t\t\t<h2 class=\"su-post-title\"><a href=\"https:\/\/www.naftes.eu\/it\/%ce%b5%ce%bb%ce%bb%ce%b7%ce%bd%ce%b9%ce%ba%ce%ac-%ce%b7%ce%bc%ce%b5%cf%81%ce%af%ce%b4%ce%b1-%ce%b4%ce%b9%ce%ac%cf%87%cf%85%cf%83%ce%b7%cf%82-%ce%b1%cf%80%ce%bf%cf%84%ce%b5%ce%bb%ce%b5%cf%83%ce%bc\/\">Conferenza sui risultati della formazione in Erasmus Plus<\/a><\/h2>\n\n\t\t\t\t<div class=\"su-post-meta\">\n\t\t\t\t\tPosted: 22\/11\/2018\t\t\t\t<\/div>\n\n\t\t\t\t<div class=\"su-post-excerpt\">\n\t\t\t\t\t<p>Il progetto NAFTES \u00e8 stato presentato alla conferenza della Marina Ellenica marted\u00ec 19 giugno 2018. Si \u00e8 svolto nel centro di addestramento &#8220;\u03a0\u0391\u039b\u0391\u03a3\u039a\u0391\u03a3&#8221; in presenza dell&#8217;ammiraglio E. Mikrou, comandante del comandante della formazione navale.<\/p>\n\t\t\t\t<\/div>\n\n\t\t\t\t\n\t\t\t<\/div>\n\n\t\t\n\t\n<\/div>\n\n<\/div>","protected":false},"excerpt":{"rendered":"<p>&nbsp; NAFTES (NAVAL FIRE FIGHTING TRAINING and EDUCATION SYSTEM) \u00e8 un framework globale per il training di membri dell\u2019equipaggio e di ufficiali in condizioni simulate di incendio all\u2019interno di compartimenti navali. NAFTES comprende tre differenti fasi, strutturate attorno al Simulatore Antincendio (Fire Fighting Simulator &#8211; FFS) ed al Simulatore di Evacuazione Equipaggio (parte della Damage&hellip; <a href=\"https:\/\/www.naftes.eu\/it\/%ce%b5%ce%bb%ce%bb%ce%b7%ce%bd%ce%b9%ce%ba%ce%ac-%ce%b7%ce%bc%ce%b5%cf%81%ce%af%ce%b4%ce%b1-%ce%b4%ce%b9%ce%ac%cf%87%cf%85%cf%83%ce%b7%cf%82-%ce%b1%cf%80%ce%bf%cf%84%ce%b5%ce%bb%ce%b5%cf%83%ce%bc\/\">Continue reading&#8230;<\/a><\/p>\n","protected":false},"author":1,"featured_media":0,"parent":0,"menu_order":0,"comment_status":"closed","ping_status":"closed","template":"","meta":[],"_links":{"self":[{"href":"https:\/\/www.naftes.eu\/it\/wp-json\/wp\/v2\/pages\/25"}],"collection":[{"href":"https:\/\/www.naftes.eu\/it\/wp-json\/wp\/v2\/pages"}],"about":[{"href":"https:\/\/www.naftes.eu\/it\/wp-json\/wp\/v2\/types\/page"}],"author":[{"embeddable":true,"href":"https:\/\/www.naftes.eu\/it\/wp-json\/wp\/v2\/users\/1"}],"replies":[{"embeddable":true,"href":"https:\/\/www.naftes.eu\/it\/wp-json\/wp\/v2\/comments?post=25"}],"version-history":[{"count":19,"href":"https:\/\/www.naftes.eu\/it\/wp-json\/wp\/v2\/pages\/25\/revisions"}],"predecessor-version":[{"id":332,"href":"https:\/\/www.naftes.eu\/it\/wp-json\/wp\/v2\/pages\/25\/revisions\/332"}],"wp:attachment":[{"href":"https:\/\/www.naftes.eu\/it\/wp-json\/wp\/v2\/media?parent=25"}],"curies":[{"name":"wp","href":"https:\/\/api.w.org\/{rel}","templated":true}]}}